{"id":85,"date":"2013-08-21T21:20:27","date_gmt":"2013-08-21T19:20:27","guid":{"rendered":"http:\/\/www.generalplanung-schwarz.at\/ws1\/?page_id=85"},"modified":"2016-12-07T09:59:23","modified_gmt":"2016-12-07T07:59:23","slug":"ausschreibungen-fix-fertig-erstellen-inkl-preisverhandlungen","status":"publish","type":"page","link":"https:\/\/www.planung.at\/ws1\/kompetenzen\/ausschreibungen-fix-fertig-erstellen-inkl-preisverhandlungen\/","title":{"rendered":"Ausschreibungen und Vergabe"},"content":{"rendered":"<p>Egal ob funktionell oder mit Leistungsverzeichnis ausgeschrieben, bildet eine Ausschreibung die Basis f\u00fcr Preisverhandlungen und sp\u00e4tere vertragliche Abwicklung mit den ausf\u00fchrenden Firmen.<a href=\"http:\/\/www.planung.at\/ws1\/wp-content\/uploads\/2013\/08\/Ausschreibung-und-Vergabe-Generalplanung-Schwarz1.jpg\"><img loading=\"lazy\" class=\"alignright wp-image-649 size-large\" src=\"http:\/\/www.planung.at\/ws1\/wp-content\/uploads\/2013\/08\/Ausschreibung-und-Vergabe-Generalplanung-Schwarz1-724x1024.jpg\" alt=\"Ausschreibung und Vergabe Generalplanung Schwarz\" width=\"550\" height=\"778\" srcset=\"https:\/\/www.planung.at\/ws1\/wp-content\/uploads\/2013\/08\/Ausschreibung-und-Vergabe-Generalplanung-Schwarz1-724x1024.jpg 724w, https:\/\/www.planung.at\/ws1\/wp-content\/uploads\/2013\/08\/Ausschreibung-und-Vergabe-Generalplanung-Schwarz1-212x300.jpg 212w, https:\/\/www.planung.at\/ws1\/wp-content\/uploads\/2013\/08\/Ausschreibung-und-Vergabe-Generalplanung-Schwarz1.jpg 1654w\" sizes=\"(max-width: 550px) 100vw, 550px\" \/><\/a><\/p>\n<ul>\n<li>Funktional- oder mittels MengenLV<\/li>\n<li>frei formuliert oder nach LBH<\/li>\n<li>gem\u00e4\u00df BVergG oder Wohnbauf\u00f6rderungsgesetz<\/li>\n<li>Auftragsverhandlung und Preisspiegelerstellung<\/li>\n<li>Bestbieterermittlung und Baukostenoptimierung<\/li>\n<\/ul>\n<p style=\"text-align: center;\">\n","protected":false},"excerpt":{"rendered":"<p>Egal ob funktionell oder mit Leistungsverzeichnis ausgeschrieben, bildet eine Ausschreibung die Basis f\u00fcr Preisverhandlungen und sp\u00e4tere vertragliche Abwicklung mit den ausf\u00fchrenden Firmen. Funktional- oder mittels MengenLV frei formuliert oder nach LBH gem\u00e4\u00df BVergG oder Wohnbauf\u00f6rderungsgesetz Auftragsverhandlung und Preisspiegelerstellung Bestbieterermittlung und<span class=\"ellipsis\">&hellip;<\/span><\/p>\n<div class=\"read-more\"><a href=\"https:\/\/www.planung.at\/ws1\/kompetenzen\/ausschreibungen-fix-fertig-erstellen-inkl-preisverhandlungen\/\">Weiterlesen \u203a<\/a><\/div>\n<p><!-- end of .read-more --><\/p>\n","protected":false},"author":1,"featured_media":0,"parent":8,"menu_order":4,"comment_status":"closed","ping_status":"open","template":"full-width-page-Header.php","meta":[],"_links":{"self":[{"href":"https:\/\/www.planung.at\/ws1\/wp-json\/wp\/v2\/pages\/85"}],"collection":[{"href":"https:\/\/www.planung.at\/ws1\/wp-json\/wp\/v2\/pages"}],"about":[{"href":"https:\/\/www.planung.at\/ws1\/wp-json\/wp\/v2\/types\/page"}],"author":[{"embeddable":true,"href":"https:\/\/www.planung.at\/ws1\/wp-json\/wp\/v2\/users\/1"}],"replies":[{"embeddable":true,"href":"https:\/\/www.planung.at\/ws1\/wp-json\/wp\/v2\/comments?post=85"}],"version-history":[{"count":20,"href":"https:\/\/www.planung.at\/ws1\/wp-json\/wp\/v2\/pages\/85\/revisions"}],"predecessor-version":[{"id":923,"href":"https:\/\/www.planung.at\/ws1\/wp-json\/wp\/v2\/pages\/85\/revisions\/923"}],"up":[{"embeddable":true,"href":"https:\/\/www.planung.at\/ws1\/wp-json\/wp\/v2\/pages\/8"}],"wp:attachment":[{"href":"https:\/\/www.planung.at\/ws1\/wp-json\/wp\/v2\/media?parent=85"}],"curies":[{"name":"wp","href":"https:\/\/api.w.org\/{rel}","templated":true}]}}