{"id":83,"date":"2013-08-21T21:18:52","date_gmt":"2013-08-21T19:18:52","guid":{"rendered":"http:\/\/www.generalplanung-schwarz.at\/ws1\/?page_id=83"},"modified":"2016-12-07T10:00:13","modified_gmt":"2016-12-07T08:00:13","slug":"betriebsanlagengenehmigungen-fuer-alle-gewerbearten","status":"publish","type":"page","link":"https:\/\/www.planung.at\/ws1\/kompetenzen\/betriebsanlagengenehmigungen-fuer-alle-gewerbearten\/","title":{"rendered":"Betriebsanlagengenehmigungen"},"content":{"rendered":"<h2>f\u00fcr alle Gewerbearten<\/h2>\n<p><img loading=\"lazy\" class=\"wp-image-101 alignleft\" src=\"http:\/\/www.generalplanung-schwarz.at\/ws1\/wp-content\/uploads\/2013\/08\/Betriebsanlagengenehmigung1-1024x934.jpg\" alt=\"Betriebsanlagengenehmigung\" width=\"385\" height=\"351\" srcset=\"https:\/\/www.planung.at\/ws1\/wp-content\/uploads\/2013\/08\/Betriebsanlagengenehmigung1-1024x934.jpg 1024w, https:\/\/www.planung.at\/ws1\/wp-content\/uploads\/2013\/08\/Betriebsanlagengenehmigung1-300x273.jpg 300w, https:\/\/www.planung.at\/ws1\/wp-content\/uploads\/2013\/08\/Betriebsanlagengenehmigung1.jpg 1115w\" sizes=\"(max-width: 385px) 100vw, 385px\" \/><\/p>\n<p>Fertige und leistbare L\u00f6sungen f\u00fcr Unternehmen, welche ihre Betriebsanlage beh\u00f6rdlich bewilligen lassen m\u00fcssen.<\/p>\n","protected":false},"excerpt":{"rendered":"<p>f\u00fcr alle Gewerbearten Fertige und leistbare L\u00f6sungen f\u00fcr Unternehmen, welche ihre Betriebsanlage beh\u00f6rdlich bewilligen lassen m\u00fcssen.<\/p>\n","protected":false},"author":1,"featured_media":0,"parent":8,"menu_order":6,"comment_status":"closed","ping_status":"open","template":"full-width-page-Header.php","meta":[],"_links":{"self":[{"href":"https:\/\/www.planung.at\/ws1\/wp-json\/wp\/v2\/pages\/83"}],"collection":[{"href":"https:\/\/www.planung.at\/ws1\/wp-json\/wp\/v2\/pages"}],"about":[{"href":"https:\/\/www.planung.at\/ws1\/wp-json\/wp\/v2\/types\/page"}],"author":[{"embeddable":true,"href":"https:\/\/www.planung.at\/ws1\/wp-json\/wp\/v2\/users\/1"}],"replies":[{"embeddable":true,"href":"https:\/\/www.planung.at\/ws1\/wp-json\/wp\/v2\/comments?post=83"}],"version-history":[{"count":9,"href":"https:\/\/www.planung.at\/ws1\/wp-json\/wp\/v2\/pages\/83\/revisions"}],"predecessor-version":[{"id":924,"href":"https:\/\/www.planung.at\/ws1\/wp-json\/wp\/v2\/pages\/83\/revisions\/924"}],"up":[{"embeddable":true,"href":"https:\/\/www.planung.at\/ws1\/wp-json\/wp\/v2\/pages\/8"}],"wp:attachment":[{"href":"https:\/\/www.planung.at\/ws1\/wp-json\/wp\/v2\/media?parent=83"}],"curies":[{"name":"wp","href":"https:\/\/api.w.org\/{rel}","templated":true}]}}