{"id":8,"date":"2013-08-06T13:23:58","date_gmt":"2013-08-06T11:23:58","guid":{"rendered":"http:\/\/www.generalplanung-schwarz.at\/ws1\/?page_id=8"},"modified":"2024-02-01T13:26:03","modified_gmt":"2024-02-01T11:26:03","slug":"kompetenzen","status":"publish","type":"page","link":"https:\/\/www.planung.at\/ws1\/kompetenzen\/","title":{"rendered":"Kompetenzen"},"content":{"rendered":"<p>Wir bitten Ihnen umfassende Leistungen f\u00fcr ihr Bauvorhaben:<\/p>\n<ul>\n<li><a title=\"Hoch- und Tiefbau Planungen\" href=\"http:\/\/www.planung.at\/ws1\/kompetenzen\/hoch-und-tiefbau-3d-planungen\/\">Hoch- und Tiefbau Planungen<\/a><\/li>\n<li><a title=\"Statik &amp; Tragwerksplanung\" href=\"http:\/\/www.planung.at\/ws1\/kompetenzen\/tragwerksplanungen\/\">Statik &amp; Tragwerksplanungen<\/a><\/li>\n<li><a title=\"Bauphysik+Energieausweis\" href=\"http:\/\/www.planung.at\/ws1\/kompetenzen\/bauphysik\/\">Bauphysik+Energieausweise<\/a> f\u00fcr alle Bundesl\u00e4nder und alle F\u00f6rderungsstellen<\/li>\n<li><a title=\"Ausschreibungen und Vergabe\" href=\"http:\/\/www.planung.at\/ws1\/kompetenzen\/ausschreibungen-fix-fertig-erstellen-inkl-preisverhandlungen\/\">Ausschreibungen\u00a0und Vergabe<\/a><\/li>\n<li><a title=\"Bauprojektleitung und Bauprojektmanagement\" href=\"http:\/\/www.planung.at\/ws1\/kompetenzen\/bauprojektleitung-und-bauprojektmanagement\/\">\u00d6BA &#8211; Bauleitung und Bauprojektmanagement<\/a><\/li>\n<li><a title=\"BauKG &amp; SiGe-Planung\" href=\"http:\/\/www.planung.at\/ws1\/kompetenzen\/baukg-sicherheitsfachkraft\/\">BauKG &amp; SiGe-Planung<\/a><\/li>\n<li><a href=\"http:\/\/www.planung.at\/ws1\/kompetenzen\/gutachten\/\">Gutachten<\/a><\/li>\n<li><a href=\"https:\/\/www.planung.at\/ws1\/betriebsanlagengenehmigungen-fuer-alle-gewerbearten\/\">Betriebsanlagengenehmigungen<\/a>\u00a0f\u00fcr alle Gewerbearten<\/li>\n<li><a href=\"https:\/\/www.planung.at\/ws1\/bauaufsicht-sowie-alle-andere-baumanagementtaetigkeiten\/\">Bauaufsicht<\/a><\/li>\n<li><a href=\"http:\/\/www.planung.at\/ws1\/partner\/brandschutzkonzepte\/\">Brandschutzkonzepte<\/a><\/li>\n<li><a title=\"Beweissicherung\" href=\"http:\/\/www.planung.at\/ws1\/kompetenzen\/beweissicherung\/\">Beweissicherung<\/a><\/li>\n<li><a href=\"https:\/\/www.planung.at\/ws1\/abrechnungen\/\">Abrechnungen<\/a><\/li>\n<li><a title=\"Bauprojektentwicklung\" href=\"http:\/\/www.planung.at\/ws1\/kompetenzen\/bauprojektentwicklung\/\">Bauprojektentwicklung<\/a><\/li>\n<\/ul>\n","protected":false},"excerpt":{"rendered":"<p>Wir bitten Ihnen umfassende Leistungen f\u00fcr ihr Bauvorhaben: Hoch- und Tiefbau Planungen Statik &amp; Tragwerksplanungen Bauphysik+Energieausweise f\u00fcr alle Bundesl\u00e4nder und alle F\u00f6rderungsstellen Ausschreibungen\u00a0und Vergabe \u00d6BA &#8211; Bauleitung und Bauprojektmanagement BauKG &amp; SiGe-Planung Gutachten Betriebsanlagengenehmigungen\u00a0f\u00fcr alle Gewerbearten Bauaufsicht Brandschutzkonzepte Beweissicherung Abrechnungen<span class=\"ellipsis\">&hellip;<\/span><\/p>\n<div class=\"read-more\"><a href=\"https:\/\/www.planung.at\/ws1\/kompetenzen\/\">Weiterlesen \u203a<\/a><\/div>\n<p><!-- end of .read-more --><\/p>\n","protected":false},"author":1,"featured_media":0,"parent":0,"menu_order":2,"comment_status":"open","ping_status":"open","template":"full-width-page-Header.php","meta":[],"_links":{"self":[{"href":"https:\/\/www.planung.at\/ws1\/wp-json\/wp\/v2\/pages\/8"}],"collection":[{"href":"https:\/\/www.planung.at\/ws1\/wp-json\/wp\/v2\/pages"}],"about":[{"href":"https:\/\/www.planung.at\/ws1\/wp-json\/wp\/v2\/types\/page"}],"author":[{"embeddable":true,"href":"https:\/\/www.planung.at\/ws1\/wp-json\/wp\/v2\/users\/1"}],"replies":[{"embeddable":true,"href":"https:\/\/www.planung.at\/ws1\/wp-json\/wp\/v2\/comments?post=8"}],"version-history":[{"count":40,"href":"https:\/\/www.planung.at\/ws1\/wp-json\/wp\/v2\/pages\/8\/revisions"}],"predecessor-version":[{"id":1144,"href":"https:\/\/www.planung.at\/ws1\/wp-json\/wp\/v2\/pages\/8\/revisions\/1144"}],"wp:attachment":[{"href":"https:\/\/www.planung.at\/ws1\/wp-json\/wp\/v2\/media?parent=8"}],"curies":[{"name":"wp","href":"https:\/\/api.w.org\/{rel}","templated":true}]}}