{"id":75,"date":"2013-08-21T21:14:02","date_gmt":"2013-08-21T19:14:02","guid":{"rendered":"http:\/\/www.generalplanung-schwarz.at\/ws1\/?page_id=75"},"modified":"2016-12-07T09:54:00","modified_gmt":"2016-12-07T07:54:00","slug":"ausfuehrungsplanung","status":"publish","type":"page","link":"https:\/\/www.planung.at\/ws1\/kompetenzen\/hoch-und-tiefbau-3d-planungen\/ausfuehrungsplanung\/","title":{"rendered":"Ausf\u00fchrungsplanung"},"content":{"rendered":"<p style=\"text-align: center;\"><img loading=\"lazy\" class=\"aligncenter wp-image-752 size-large\" src=\"http:\/\/www.planung.at\/ws1\/wp-content\/uploads\/2013\/08\/Ausf\u00fchrungsplanung-Generalplanung-Schwarz-1024x717.jpg\" alt=\"\" width=\"550\" height=\"385\" srcset=\"https:\/\/www.planung.at\/ws1\/wp-content\/uploads\/2013\/08\/Ausf\u00fchrungsplanung-Generalplanung-Schwarz-1024x717.jpg 1024w, https:\/\/www.planung.at\/ws1\/wp-content\/uploads\/2013\/08\/Ausf\u00fchrungsplanung-Generalplanung-Schwarz-300x210.jpg 300w, https:\/\/www.planung.at\/ws1\/wp-content\/uploads\/2013\/08\/Ausf\u00fchrungsplanung-Generalplanung-Schwarz.jpg 1637w\" sizes=\"(max-width: 550px) 100vw, 550px\" \/><\/p>\n<p>Polierpl\u00e4ne mit Schnitt und Detaill\u00f6sungen, sowie praxisnahe Schalungs- und Bewehrungspl\u00e4ne.<\/p>\n","protected":false},"excerpt":{"rendered":"<p>Polierpl\u00e4ne mit Schnitt und Detaill\u00f6sungen, sowie praxisnahe Schalungs- und Bewehrungspl\u00e4ne.<\/p>\n","protected":false},"author":1,"featured_media":0,"parent":68,"menu_order":2,"comment_status":"closed","ping_status":"open","template":"full-width-page-Header.php","meta":[],"_links":{"self":[{"href":"https:\/\/www.planung.at\/ws1\/wp-json\/wp\/v2\/pages\/75"}],"collection":[{"href":"https:\/\/www.planung.at\/ws1\/wp-json\/wp\/v2\/pages"}],"about":[{"href":"https:\/\/www.planung.at\/ws1\/wp-json\/wp\/v2\/types\/page"}],"author":[{"embeddable":true,"href":"https:\/\/www.planung.at\/ws1\/wp-json\/wp\/v2\/users\/1"}],"replies":[{"embeddable":true,"href":"https:\/\/www.planung.at\/ws1\/wp-json\/wp\/v2\/comments?post=75"}],"version-history":[{"count":12,"href":"https:\/\/www.planung.at\/ws1\/wp-json\/wp\/v2\/pages\/75\/revisions"}],"predecessor-version":[{"id":913,"href":"https:\/\/www.planung.at\/ws1\/wp-json\/wp\/v2\/pages\/75\/revisions\/913"}],"up":[{"embeddable":true,"href":"https:\/\/www.planung.at\/ws1\/wp-json\/wp\/v2\/pages\/68"}],"wp:attachment":[{"href":"https:\/\/www.planung.at\/ws1\/wp-json\/wp\/v2\/media?parent=75"}],"curies":[{"name":"wp","href":"https:\/\/api.w.org\/{rel}","templated":true}]}}