{"id":589,"date":"2015-02-22T12:30:58","date_gmt":"2015-02-22T10:30:58","guid":{"rendered":"http:\/\/www.planung.at\/ws1\/?page_id=589"},"modified":"2024-02-01T13:29:07","modified_gmt":"2024-02-01T11:29:07","slug":"bauprojektentwicklung","status":"publish","type":"page","link":"https:\/\/www.planung.at\/ws1\/kompetenzen\/bauprojektentwicklung\/","title":{"rendered":"Bauprojektentwicklung"},"content":{"rendered":"<p>Wir stehen Ihnen als kompetenter Fachberater f\u00fcr die Entwicklung Ihres Bauprojektes zur Verf\u00fcgung.Beratung aus l\u00e4ngj\u00e4hriger Erfahrung, zu Verfahrenswei\u00dfen, Baustoffen, zeitlichen Abl\u00e4ufen und Finanzplanung.<a href=\"https:\/\/www.planung.at\/ws1\/wp-content\/uploads\/2015\/02\/Firmengeschichte-Martin-Schwarz-Generalplanung-Schwarz.jpg\"><img loading=\"lazy\" class=\"alignright wp-image-614 size-medium\" src=\"https:\/\/www.planung.at\/ws1\/wp-content\/uploads\/2015\/02\/Firmengeschichte-Martin-Schwarz-Generalplanung-Schwarz-300x200.jpg\" alt=\"\" width=\"300\" height=\"200\" srcset=\"https:\/\/www.planung.at\/ws1\/wp-content\/uploads\/2015\/02\/Firmengeschichte-Martin-Schwarz-Generalplanung-Schwarz-300x200.jpg 300w, https:\/\/www.planung.at\/ws1\/wp-content\/uploads\/2015\/02\/Firmengeschichte-Martin-Schwarz-Generalplanung-Schwarz.jpg 700w\" sizes=\"(max-width: 300px) 100vw, 300px\" \/><\/a><\/p>\n","protected":false},"excerpt":{"rendered":"<p>Wir stehen Ihnen als kompetenter Fachberater f\u00fcr die Entwicklung Ihres Bauprojektes zur Verf\u00fcgung.Beratung aus l\u00e4ngj\u00e4hriger Erfahrung, zu Verfahrenswei\u00dfen, Baustoffen, zeitlichen Abl\u00e4ufen und Finanzplanung.<\/p>\n","protected":false},"author":1,"featured_media":0,"parent":8,"menu_order":12,"comment_status":"closed","ping_status":"open","template":"full-width-page-Header.php","meta":[],"_links":{"self":[{"href":"https:\/\/www.planung.at\/ws1\/wp-json\/wp\/v2\/pages\/589"}],"collection":[{"href":"https:\/\/www.planung.at\/ws1\/wp-json\/wp\/v2\/pages"}],"about":[{"href":"https:\/\/www.planung.at\/ws1\/wp-json\/wp\/v2\/types\/page"}],"author":[{"embeddable":true,"href":"https:\/\/www.planung.at\/ws1\/wp-json\/wp\/v2\/users\/1"}],"replies":[{"embeddable":true,"href":"https:\/\/www.planung.at\/ws1\/wp-json\/wp\/v2\/comments?post=589"}],"version-history":[{"count":4,"href":"https:\/\/www.planung.at\/ws1\/wp-json\/wp\/v2\/pages\/589\/revisions"}],"predecessor-version":[{"id":1146,"href":"https:\/\/www.planung.at\/ws1\/wp-json\/wp\/v2\/pages\/589\/revisions\/1146"}],"up":[{"embeddable":true,"href":"https:\/\/www.planung.at\/ws1\/wp-json\/wp\/v2\/pages\/8"}],"wp:attachment":[{"href":"https:\/\/www.planung.at\/ws1\/wp-json\/wp\/v2\/media?parent=589"}],"curies":[{"name":"wp","href":"https:\/\/api.w.org\/{rel}","templated":true}]}}