{"id":572,"date":"2015-01-18T17:35:30","date_gmt":"2015-01-18T15:35:30","guid":{"rendered":"http:\/\/www.planung.at\/ws1\/?page_id=572"},"modified":"2016-12-07T09:57:40","modified_gmt":"2016-12-07T07:57:40","slug":"bauphysik","status":"publish","type":"page","link":"https:\/\/www.planung.at\/ws1\/kompetenzen\/bauphysik\/","title":{"rendered":"Bauphysik+Energieausweis"},"content":{"rendered":"<p>Bauphysikalische Berechnungen aller Art:<\/p>\n<ul>\n<li>Einreichbauphysik<\/li>\n<\/ul>\n<ul>\n<li>Energieausweise:\u00a0 F\u00fcr alle Bundesl\u00e4nder und alle F\u00f6rderungsstellen (egal ob Bund, Land, etc.) von bestehenden oder neuen Objekten bis hin zur Gewerbeanlage oder Mietwohnung. Alle Daten werden von uns erfasst und zum \u00fcber 20 seitigen Energieausweis zusammengefasst.<a href=\"http:\/\/www.planung.at\/ws1\/wp-content\/uploads\/2015\/01\/thermo.jpg\"><img loading=\"lazy\" class=\"size-full wp-image-573 alignright\" src=\"http:\/\/www.planung.at\/ws1\/wp-content\/uploads\/2015\/01\/thermo.jpg\" alt=\"thermo\" width=\"477\" height=\"289\" srcset=\"https:\/\/www.planung.at\/ws1\/wp-content\/uploads\/2015\/01\/thermo.jpg 477w, https:\/\/www.planung.at\/ws1\/wp-content\/uploads\/2015\/01\/thermo-300x181.jpg 300w\" sizes=\"(max-width: 477px) 100vw, 477px\" \/><\/a><\/li>\n<\/ul>\n<ul>\n<li>W\u00e4rmebildaufnahmen<\/li>\n<li>Schallschutzberechnungen<\/li>\n<li>Schallschutzgutachten<\/li>\n<li>Luftdichtheitsmessungen (Blower Door)<\/li>\n<li>Nachweis der sommerlichen \u00dcberw\u00e4rmung<\/li>\n<li>Heizlastberechnung<\/li>\n<li>Bauteilberechnungen &#8211; Bauteilnachweise<\/li>\n<\/ul>\n<p>&nbsp;<\/p>\n","protected":false},"excerpt":{"rendered":"<p>Bauphysikalische Berechnungen aller Art: Einreichbauphysik Energieausweise:\u00a0 F\u00fcr alle Bundesl\u00e4nder und alle F\u00f6rderungsstellen (egal ob Bund, Land, etc.) von bestehenden oder neuen Objekten bis hin zur Gewerbeanlage oder Mietwohnung. Alle Daten werden von uns erfasst und zum \u00fcber 20 seitigen Energieausweis<span class=\"ellipsis\">&hellip;<\/span><\/p>\n<div class=\"read-more\"><a href=\"https:\/\/www.planung.at\/ws1\/kompetenzen\/bauphysik\/\">Weiterlesen \u203a<\/a><\/div>\n<p><!-- end of .read-more --><\/p>\n","protected":false},"author":1,"featured_media":0,"parent":8,"menu_order":3,"comment_status":"closed","ping_status":"open","template":"full-width-page-Header.php","meta":[],"_links":{"self":[{"href":"https:\/\/www.planung.at\/ws1\/wp-json\/wp\/v2\/pages\/572"}],"collection":[{"href":"https:\/\/www.planung.at\/ws1\/wp-json\/wp\/v2\/pages"}],"about":[{"href":"https:\/\/www.planung.at\/ws1\/wp-json\/wp\/v2\/types\/page"}],"author":[{"embeddable":true,"href":"https:\/\/www.planung.at\/ws1\/wp-json\/wp\/v2\/users\/1"}],"replies":[{"embeddable":true,"href":"https:\/\/www.planung.at\/ws1\/wp-json\/wp\/v2\/comments?post=572"}],"version-history":[{"count":9,"href":"https:\/\/www.planung.at\/ws1\/wp-json\/wp\/v2\/pages\/572\/revisions"}],"predecessor-version":[{"id":920,"href":"https:\/\/www.planung.at\/ws1\/wp-json\/wp\/v2\/pages\/572\/revisions\/920"}],"up":[{"embeddable":true,"href":"https:\/\/www.planung.at\/ws1\/wp-json\/wp\/v2\/pages\/8"}],"wp:attachment":[{"href":"https:\/\/www.planung.at\/ws1\/wp-json\/wp\/v2\/media?parent=572"}],"curies":[{"name":"wp","href":"https:\/\/api.w.org\/{rel}","templated":true}]}}