{"id":561,"date":"2015-01-05T09:43:42","date_gmt":"2015-01-05T07:43:42","guid":{"rendered":"http:\/\/www.planung.at\/ws1\/?page_id=561"},"modified":"2016-12-07T10:02:45","modified_gmt":"2016-12-07T08:02:45","slug":"gutachten","status":"publish","type":"page","link":"https:\/\/www.planung.at\/ws1\/kompetenzen\/gutachten\/","title":{"rendered":"Gutachten"},"content":{"rendered":"<p>Erstellen von Gutachten jeglicher Art wie:<a href=\"http:\/\/www.planung.at\/ws1\/wp-content\/uploads\/2015\/01\/Gutachten-und-Beweissicherung.jpg\"><img loading=\"lazy\" class=\" wp-image-562 alignright\" src=\"http:\/\/www.planung.at\/ws1\/wp-content\/uploads\/2015\/01\/Gutachten-und-Beweissicherung-1024x717.jpg\" alt=\"Gutachten-Schallschutz-L\u00e4rm-Bautechnisch\" width=\"308\" height=\"216\" srcset=\"https:\/\/www.planung.at\/ws1\/wp-content\/uploads\/2015\/01\/Gutachten-und-Beweissicherung-1024x717.jpg 1024w, https:\/\/www.planung.at\/ws1\/wp-content\/uploads\/2015\/01\/Gutachten-und-Beweissicherung-300x210.jpg 300w\" sizes=\"(max-width: 308px) 100vw, 308px\" \/><\/a><\/p>\n<ul>\n<li>Ankaufs\u00fcberpr\u00fcfungen<\/li>\n<li>Bauphysikalische Gutachten<\/li>\n<li>Bautechnische Befundungen und Gutachten<\/li>\n<li>Bauwerkspr\u00fcfungen<\/li>\n<li>Bauwerksbuch<\/li>\n<li>Liegenschaftsbewertungen<\/li>\n<li>Mauerwerks\u00fcberpr\u00fcfungen<\/li>\n<li>Sanierungskonzepte<\/li>\n<li>Schadensfallaufnahmen &#8211; Schadensgutachten<\/li>\n<li>Schallschutz- und L\u00e4rmgutachten<\/li>\n<\/ul>\n","protected":false},"excerpt":{"rendered":"<p>Erstellen von Gutachten jeglicher Art wie: Ankaufs\u00fcberpr\u00fcfungen Bauphysikalische Gutachten Bautechnische Befundungen und Gutachten Bauwerkspr\u00fcfungen Bauwerksbuch Liegenschaftsbewertungen Mauerwerks\u00fcberpr\u00fcfungen Sanierungskonzepte Schadensfallaufnahmen &#8211; Schadensgutachten Schallschutz- und L\u00e4rmgutachten<\/p>\n","protected":false},"author":1,"featured_media":0,"parent":8,"menu_order":10,"comment_status":"closed","ping_status":"open","template":"full-width-page-Header.php","meta":[],"_links":{"self":[{"href":"https:\/\/www.planung.at\/ws1\/wp-json\/wp\/v2\/pages\/561"}],"collection":[{"href":"https:\/\/www.planung.at\/ws1\/wp-json\/wp\/v2\/pages"}],"about":[{"href":"https:\/\/www.planung.at\/ws1\/wp-json\/wp\/v2\/types\/page"}],"author":[{"embeddable":true,"href":"https:\/\/www.planung.at\/ws1\/wp-json\/wp\/v2\/users\/1"}],"replies":[{"embeddable":true,"href":"https:\/\/www.planung.at\/ws1\/wp-json\/wp\/v2\/comments?post=561"}],"version-history":[{"count":8,"href":"https:\/\/www.planung.at\/ws1\/wp-json\/wp\/v2\/pages\/561\/revisions"}],"predecessor-version":[{"id":930,"href":"https:\/\/www.planung.at\/ws1\/wp-json\/wp\/v2\/pages\/561\/revisions\/930"}],"up":[{"embeddable":true,"href":"https:\/\/www.planung.at\/ws1\/wp-json\/wp\/v2\/pages\/8"}],"wp:attachment":[{"href":"https:\/\/www.planung.at\/ws1\/wp-json\/wp\/v2\/media?parent=561"}],"curies":[{"name":"wp","href":"https:\/\/api.w.org\/{rel}","templated":true}]}}