{"id":456,"date":"2014-11-18T21:18:40","date_gmt":"2014-11-18T19:18:40","guid":{"rendered":"http:\/\/www.planung.at\/ws1\/?page_id=456"},"modified":"2016-12-07T09:59:49","modified_gmt":"2016-12-07T07:59:49","slug":"baukg-sicherheitsfachkraft","status":"publish","type":"page","link":"https:\/\/www.planung.at\/ws1\/kompetenzen\/baukg-sicherheitsfachkraft\/","title":{"rendered":"BauKG &#038; SiGe-Planung"},"content":{"rendered":"<p><a href=\"http:\/\/www.planung.at\/ws1\/wp-content\/uploads\/2014\/11\/cache_2426401910.png\"><img loading=\"lazy\" class=\"size-full wp-image-457 alignleft\" src=\"http:\/\/www.planung.at\/ws1\/wp-content\/uploads\/2014\/11\/cache_2426401910.png\" alt=\"cache_2426401910\" width=\"240\" height=\"240\" srcset=\"https:\/\/www.planung.at\/ws1\/wp-content\/uploads\/2014\/11\/cache_2426401910.png 240w, https:\/\/www.planung.at\/ws1\/wp-content\/uploads\/2014\/11\/cache_2426401910-150x150.png 150w\" sizes=\"(max-width: 240px) 100vw, 240px\" \/><\/a><\/p>\n<p>&nbsp;<\/p>\n<p>Erstellung von SiGe-Pl\u00e4nen sowie Unterlagen f\u00fcr sp\u00e4tere Arbeiten<\/p>\n<p>Baustellenkoordinator<\/p>\n<p>Beratung f\u00fcr Unternehmen zum Arbeitnehmerschutz und Baustellenkoordinationsgesetz<\/p>\n","protected":false},"excerpt":{"rendered":"<p>&nbsp; Erstellung von SiGe-Pl\u00e4nen sowie Unterlagen f\u00fcr sp\u00e4tere Arbeiten Baustellenkoordinator Beratung f\u00fcr Unternehmen zum Arbeitnehmerschutz und Baustellenkoordinationsgesetz<\/p>\n","protected":false},"author":1,"featured_media":0,"parent":8,"menu_order":5,"comment_status":"closed","ping_status":"open","template":"full-width-page-Header.php","meta":[],"_links":{"self":[{"href":"https:\/\/www.planung.at\/ws1\/wp-json\/wp\/v2\/pages\/456"}],"collection":[{"href":"https:\/\/www.planung.at\/ws1\/wp-json\/wp\/v2\/pages"}],"about":[{"href":"https:\/\/www.planung.at\/ws1\/wp-json\/wp\/v2\/types\/page"}],"author":[{"embeddable":true,"href":"https:\/\/www.planung.at\/ws1\/wp-json\/wp\/v2\/users\/1"}],"replies":[{"embeddable":true,"href":"https:\/\/www.planung.at\/ws1\/wp-json\/wp\/v2\/comments?post=456"}],"version-history":[{"count":3,"href":"https:\/\/www.planung.at\/ws1\/wp-json\/wp\/v2\/pages\/456\/revisions"}],"predecessor-version":[{"id":714,"href":"https:\/\/www.planung.at\/ws1\/wp-json\/wp\/v2\/pages\/456\/revisions\/714"}],"up":[{"embeddable":true,"href":"https:\/\/www.planung.at\/ws1\/wp-json\/wp\/v2\/pages\/8"}],"wp:attachment":[{"href":"https:\/\/www.planung.at\/ws1\/wp-json\/wp\/v2\/media?parent=456"}],"curies":[{"name":"wp","href":"https:\/\/api.w.org\/{rel}","templated":true}]}}