{"id":264,"date":"2013-09-08T22:11:37","date_gmt":"2013-09-08T20:11:37","guid":{"rendered":"http:\/\/www.generalplanung-schwarz.at\/ws1\/?page_id=264"},"modified":"2025-01-27T11:38:20","modified_gmt":"2025-01-27T09:38:20","slug":"impressum-2","status":"publish","type":"page","link":"https:\/\/www.planung.at\/ws1\/impressum-2\/","title":{"rendered":"Impressum"},"content":{"rendered":"<p>Schwarz Bauprojekt Gesellschaft m.b.H.<\/p>\n<p>Lange Gasse 16\/20<br \/>\n1080 Wien<br \/>\nTel: +43 \/ 33 82 \/ 52 080<br \/>\nPol.Bezirk: Wien Josefstadt<\/p>\n<p>UID-Nr.: ATU70969801<br \/>\nFirmenbuchnr.: FN 451498v<br \/>\nFirmenbuchgericht: Handelsgericht Wien<\/p>\n<p>Gesch\u00e4ftsf\u00fchrer (alleinvertretungsberechtigt): Baumeister Ing. Martin Schwarz<\/p>\n<p>Gesellschafter 100%:\u00a0Schwarz Anlagenverwaltung Gesellschaft m.b.H.<\/p>\n<p>Der gesamte Inhalt der Schwarz Bauprojekt Gesellschaft m.b.H. Website ist urheberrechtlich gesch\u00fctzt (alle Rechte vorbehalten). Das Herunterladen oder Ausdrucken einzelner Seiten und\/oder Teilbereiche der Website ist nur mit schriftlicher Genehmigung der\u00a0Schwarz Bauprojekt Gesellschaft m.b.H. gestattet.<\/p>\n<p>Das (vollst\u00e4ndige oder teilweise) Reproduzieren, \u00dcbermitteln (elektronisch oder mit anderen Mitteln), Modifizieren, Verkn\u00fcpfen oder Benutzen der Website f\u00fcr \u00f6ffentliche oder kommerzielle Zwecke ist ohne vorherige schriftliche Zustimmung der Schwarz Bauprojekt Gesellschaft m.b.H. untersagt.<\/p>\n<p>F\u00fcr die Richtigkeit der \u00fcber die Website verbreiteten Informationen und Ansichten wird keine Gew\u00e4hr geleistet, weder ausdr\u00fccklich noch impliziert.<\/p>\n<p>In keinem Fall, Fahrl\u00e4ssigkeit uneingeschr\u00e4nkt eingeschlossen, haftet die Schwarz Bauprojekt Gesellschaft m.b.H. f\u00fcr Verluste oder Sch\u00e4den irgendwelcher Art.<\/p>\n<p>Wenn Sie bestimmte Verkn\u00fcpfungen (Links) auf der Website aktivieren, verlassen Sie unter Umst\u00e4nden die Website. Die Schwarz Bauprojekt Gesellschaft m.b.H. hat die anderen mit der Website verkn\u00fcpften Sites nicht gepr\u00fcft und \u00fcbernimmt f\u00fcr deren Inhalte, den darauf angebotenen Produkten, Dienstleistungen oder sonstigen Angeboten keine Verantwortung.<\/p>\n<div>\n<p><b>ALLGEMEINE GESCH\u00c4FTSBEDINGUNGEN (AGB) DER <\/b><\/p>\n<p><b>Schwarz Bauprojekt Gesellschaft m.b.H.<br \/>\n<\/b><\/p>\n<p><b>Lange Gasse 16\/20, 1080 Wien<br \/>\n<\/b><\/p>\n<p><b>Stand: 01.02.2025<\/b><\/p>\n<\/div>\n<p>F\u00fcr s\u00e4mtliche Angebote, Lieferungen und Leistungen der Schwarz Bauprojekt GmbH<\/p>\n<p>gelten ausschlie\u00dflich diese allgemeinen Gesch\u00e4ftsbedingungen. Diese gelten auch f\u00fcr Folgeauftr\u00e4ge und Zusatzauftr\u00e4ge.<\/p>\n<p><strong>\u00a0\u00a0 1. ANGEBOT<\/strong><\/p>\n<p>1.1 Angebote, welche die Basis f\u00fcr den Auftrag darstellen, werden nach bestem Fachwissen erstellt, es kann jedoch keine Gew\u00e4hr f\u00fcr die Richtigkeit \u00fcbernommen werden.<\/p>\n<p>Die Vertragspartner halten insbesondere fest, dass die Erstellung des Angebotes\/Auftrages ausschlie\u00dflich auf Basis der vom Auftraggeber vorgelegten Unterlagen und Vorentwurfsplanungen ohne vorherige Besichtigung des Baugrundst\u00fcckes durchgef\u00fchrt wird. Sollten sich nach Auftragserteilung Kostenerh\u00f6hungen im Ausma\u00df von \u00fcber 15% ergeben, so wird der Auftragnehmer den Auftraggeber davon unverz\u00fcglich verst\u00e4ndigen. Handelt es sich um unvermeidliche Kosten\u00fcberschreitungen bis 15%, ist eine gesonderte Verst\u00e4ndigung nicht erforderlich und k\u00f6nnen diese Kosten ohne weiteres in Rechnung gestellt werden.<\/p>\n<p>Allf\u00e4llige Leistungsabweichungen k\u00f6nnen ebenfalls zu Mehrkosten f\u00fchren.<\/p>\n<p>1.2 Bei allen Angeboten sowie auch Zusatzangeboten handelt es sich um unverbindliche freibleibende Angebote.<\/p>\n<p>1.3 Wenn nicht anders vereinbart werden s\u00e4mtliche Leistungen der Schwarz Bauprojekt GmbH nach tats\u00e4chlichem Aufwand zu je 150 \u20ac\/Stunde (inkl. USt.) abgerechnet.<\/p>\n<p>1.4 Technische \u00c4nderungen, Irrt\u00fcmer, \u00c4nderungen des Produktportfolios, Druckfehler werden ausdr\u00fccklich vorbehalten.<\/p>\n<p>1.5 Beh\u00f6rdenplanungen erfolgen ohne Gew\u00e4hr auf Erstellung von positiven Beh\u00f6rdenbescheide, das Erfolgsrisiko dahingehend tr\u00e4gt allein und ausschlie\u00dflich der Auftraggeber\/Antragsteller.<\/p>\n<ol start=\"2\">\n<li><strong> ZAHLUNG\/SICHERHEITSLEISTUNG\/R\u00dcCKTRITT<\/strong><\/li>\n<\/ol>\n<p><strong>\u00a0<\/strong><\/p>\n<p>2.1 Die Zahlung der erbrachten Leistungen ist entsprechend den vereinbarten Zahlungskonditionen zu leisten. Sollten keine gesonderten Zahlungskonditionen vereinbart sein, so gilt als sofort f\u00e4lliges Zahlungsziel, f\u00fcr Planungsauftr\u00e4ge 60% der Auftragssumme nach Entwurfsfertigstellung und 100% der Auftragssumme bzw. Schlussrechnungssumme bei Plan\u00fcbergabe bzw. sonstiger Leistungsfertigstellung. Storniert der Auftraggeber die bestellten Leistungen vor deren Fertigstellung, so wird der Auftrag nach tats\u00e4chlichem Aufwand zu je 150 \u20ac\/Stunde verrechnet. Die Schwarz Bauprojekt GmbH ist berechtigt Teilrechnungen \u00fcber erbrachte Lieferungen und Leistungen zu legen. Skontoabz\u00fcge werden nur dann anerkannt, wenn sie in der vereinbarten H\u00f6he und innerhalb der vereinbarten Frist vorgenommen werden und keine Zahlungsr\u00fcckst\u00e4nde bestehen.<\/p>\n<p>2.2 Bei Eintritt von Tatsachen, die Zweifel an der Zahlungsf\u00e4higkeit oder Zahlungsbereitschaft des Auftraggebers begr\u00fcnden, ist die Schwarz Bauprojekt GmbH berechtigt, die Ausf\u00fchrung von Leistungen bis zur vollst\u00e4ndigen Vorauszahlung oder angemessenen Sicherheitsleistung zur\u00fcckzustellen. Kommt der Auftraggeber einer entsprechenden Aufforderung nicht innerhalb der von der Schwarz Bauprojekt GmbH gesetzten Frist nach, ist die Schwarz Bauprojekt GmbH berechtigt, vom Vertrag ganz oder teilweise zur\u00fcckzutreten. Wird die Ausf\u00fchrung der Leistungen durch den Auftraggeber schuldhaft verz\u00f6gert oder vereitelt bzw. tritt der Auftraggeber ungerechtfertigt vom Vertrag zur\u00fcck, ist die Schwarz Bauprojekt GmbH \u00fcber die gesetzlichen Schadenersatzanspr\u00fcche hinaus berechtigt, vom Vertrag ganz oder teilweise zur\u00fcckzutreten.<\/p>\n<p>2.3 Wird die Ausf\u00fchrung der Leistungen durch den Auftraggeber schuldhaft verz\u00f6gert oder vereitelt bzw. tritt der Auftraggeber ungerechtfertigt vom Vertrag zur\u00fcck, ist die Schwarz Bauprojekt GmbH \u00fcber die gesetzlichen Schadenersatzanspr\u00fcche hinaus berechtigt, ein nicht dem richterlichen M\u00e4\u00dfigungsrecht unterliegenden verschuldensunabh\u00e4ngige Vertragsstrafe in der H\u00f6he von 25% der Bruttoauftragssumme unter Au\u00dferachtlassung von Rabatten geltend zu machen oder weiterhin Erf\u00fcllung zu verlangen.<\/p>\n<p>2.4 Einlangende Zahlungen werden unbeschadet eines angegebenen Verwendungszweckes zun\u00e4chst zur Abdeckung von Nebenkosten (Mahnkosten, Inkassokosten,<\/p>\n<p>Rechtsanwaltskosten, etc.) herangezogen. Verbleibende Restbetr\u00e4ge werden auf die \u00e4ltesten bestehenden Forderungen f\u00fcr Lieferungen und\/oder Leistungen angerechnet. Bei Zahlungsverzug werden Verzugszinsen in der H\u00f6he von 8 (acht) Prozent verrechnet.<\/p>\n<p>Dar\u00fcber hinaus ist die Schwarz Bauprojekt GmbH bei Nichteinhaltung der Zahlungsbedingungen durch den Auftraggeber von allen weiteren Leistungsverpflichtungen entbunden. Mahnungen sind kostenpflichtig.<\/p>\n<p>2.5 Die Schwarz Bauprojekt GmbH beh\u00e4lt sich weiter vor ohne Angaben von Gr\u00fcnden von diesem Angebot innerhalb von 30 Tagen zur\u00fcckzutreten.<\/p>\n<p>2.6 Die gelieferten Waren bleiben bis zur vollst\u00e4ndigen Bezahlung aller Forderungen aus der Lieferung (Rechnungsbetrag zuz\u00fcglich allf\u00e4lliger Zinsen und Nebenkosten, Zustellkosten) Eigentum der Schwarz Bauprojekt GmbH.<\/p>\n<p><strong>\u00a0<\/strong><\/p>\n<p>2.7 Das Aufrechnungsverbot wird vereinbart. Eine Aufrechnung gegen Anspr\u00fcche mit Gegenforderungen welcher Art auch immer ist ausgeschlossen.<\/p>\n<p><u>Gerichtsstand Wien<\/u><\/p>\n","protected":false},"excerpt":{"rendered":"<p>Schwarz Bauprojekt Gesellschaft m.b.H. Lange Gasse 16\/20 1080 Wien Tel: +43 \/ 33 82 \/ 52 080 Pol.Bezirk: Wien Josefstadt UID-Nr.: ATU70969801 Firmenbuchnr.: FN 451498v Firmenbuchgericht: Handelsgericht Wien Gesch\u00e4ftsf\u00fchrer (alleinvertretungsberechtigt): Baumeister Ing. Martin Schwarz Gesellschafter 100%:\u00a0Schwarz Anlagenverwaltung Gesellschaft m.b.H. Der<span class=\"ellipsis\">&hellip;<\/span><\/p>\n<div class=\"read-more\"><a href=\"https:\/\/www.planung.at\/ws1\/impressum-2\/\">Weiterlesen \u203a<\/a><\/div>\n<p><!-- end of .read-more --><\/p>\n","protected":false},"author":1,"featured_media":0,"parent":0,"menu_order":0,"comment_status":"closed","ping_status":"open","template":"","meta":[],"_links":{"self":[{"href":"https:\/\/www.planung.at\/ws1\/wp-json\/wp\/v2\/pages\/264"}],"collection":[{"href":"https:\/\/www.planung.at\/ws1\/wp-json\/wp\/v2\/pages"}],"about":[{"href":"https:\/\/www.planung.at\/ws1\/wp-json\/wp\/v2\/types\/page"}],"author":[{"embeddable":true,"href":"https:\/\/www.planung.at\/ws1\/wp-json\/wp\/v2\/users\/1"}],"replies":[{"embeddable":true,"href":"https:\/\/www.planung.at\/ws1\/wp-json\/wp\/v2\/comments?post=264"}],"version-history":[{"count":26,"href":"https:\/\/www.planung.at\/ws1\/wp-json\/wp\/v2\/pages\/264\/revisions"}],"predecessor-version":[{"id":1227,"href":"https:\/\/www.planung.at\/ws1\/wp-json\/wp\/v2\/pages\/264\/revisions\/1227"}],"wp:attachment":[{"href":"https:\/\/www.planung.at\/ws1\/wp-json\/wp\/v2\/media?parent=264"}],"curies":[{"name":"wp","href":"https:\/\/api.w.org\/{rel}","templated":true}]}}