{"id":175,"date":"2013-08-28T12:40:53","date_gmt":"2013-08-28T10:40:53","guid":{"rendered":"http:\/\/www.generalplanung-schwarz.at\/ws1\/?page_id=175"},"modified":"2024-02-01T13:30:33","modified_gmt":"2024-02-01T11:30:33","slug":"abrechnungen","status":"publish","type":"page","link":"https:\/\/www.planung.at\/ws1\/kompetenzen\/abrechnungen\/","title":{"rendered":"Abrechnungen"},"content":{"rendered":"<p>Abrechnungen aller Art erstellen, inkl. Aufma\u00dfbl\u00e4tter, Summenbl\u00e4tter und allen pr\u00fcfbaren Dokumenten inkl. Fotodokumentation. Modernste Lasermessger\u00e4te, sowie GPS gest\u00fctzte Vermessung erm\u00f6glichen eine exakte Aufma\u00dferstellung, \u00a0egal ob f\u00fcr Abrechnungen im Erdbau, Fassaden- oder Innenausbau.<\/p>\n<p>Weitere Dienstleistungen:<\/p>\n<ul>\n<li>Mengencontrolling<\/li>\n<li>Wohnbauf\u00f6rderung Endabrechnung<\/li>\n<li>Abweichungsanalysen<\/li>\n<\/ul>\n<p><a href=\"https:\/\/www.planung.at\/ws1\/wp-content\/uploads\/2013\/08\/Abrechnung.jpg\"><img loading=\"lazy\" class=\"alignright size-medium wp-image-180\" src=\"https:\/\/www.planung.at\/ws1\/wp-content\/uploads\/2013\/08\/Abrechnung.jpg\" alt=\"\" width=\"1\" height=\"1\" \/><\/a><\/p>\n","protected":false},"excerpt":{"rendered":"<p>Abrechnungen aller Art erstellen, inkl. Aufma\u00dfbl\u00e4tter, Summenbl\u00e4tter und allen pr\u00fcfbaren Dokumenten inkl. Fotodokumentation. Modernste Lasermessger\u00e4te, sowie GPS gest\u00fctzte Vermessung erm\u00f6glichen eine exakte Aufma\u00dferstellung, \u00a0egal ob f\u00fcr Abrechnungen im Erdbau, Fassaden- oder Innenausbau. Weitere Dienstleistungen: Mengencontrolling Wohnbauf\u00f6rderung Endabrechnung Abweichungsanalysen<\/p>\n","protected":false},"author":1,"featured_media":0,"parent":8,"menu_order":11,"comment_status":"closed","ping_status":"open","template":"full-width-page-Header.php","meta":[],"_links":{"self":[{"href":"https:\/\/www.planung.at\/ws1\/wp-json\/wp\/v2\/pages\/175"}],"collection":[{"href":"https:\/\/www.planung.at\/ws1\/wp-json\/wp\/v2\/pages"}],"about":[{"href":"https:\/\/www.planung.at\/ws1\/wp-json\/wp\/v2\/types\/page"}],"author":[{"embeddable":true,"href":"https:\/\/www.planung.at\/ws1\/wp-json\/wp\/v2\/users\/1"}],"replies":[{"embeddable":true,"href":"https:\/\/www.planung.at\/ws1\/wp-json\/wp\/v2\/comments?post=175"}],"version-history":[{"count":9,"href":"https:\/\/www.planung.at\/ws1\/wp-json\/wp\/v2\/pages\/175\/revisions"}],"predecessor-version":[{"id":1147,"href":"https:\/\/www.planung.at\/ws1\/wp-json\/wp\/v2\/pages\/175\/revisions\/1147"}],"up":[{"embeddable":true,"href":"https:\/\/www.planung.at\/ws1\/wp-json\/wp\/v2\/pages\/8"}],"wp:attachment":[{"href":"https:\/\/www.planung.at\/ws1\/wp-json\/wp\/v2\/media?parent=175"}],"curies":[{"name":"wp","href":"https:\/\/api.w.org\/{rel}","templated":true}]}}