{"id":15,"date":"2013-08-06T15:08:26","date_gmt":"2013-08-06T13:08:26","guid":{"rendered":"http:\/\/www.generalplanung-schwarz.at\/ws1\/?page_id=15"},"modified":"2024-06-27T10:41:48","modified_gmt":"2024-06-27T08:41:48","slug":"kontakt","status":"publish","type":"page","link":"https:\/\/www.planung.at\/ws1\/kontakt\/","title":{"rendered":"Kontakt"},"content":{"rendered":"<h3 style=\"text-align: center;\">Schwarz Bauprojekt Gesellschaft m.b.H.\u00a0\u00a0\r\n                \r\n            <div id=\"wpgmza_map\" data-settings='{&quot;id&quot;:&quot;1&quot;,&quot;map_title&quot;:&quot;B\\u00fcro&quot;,&quot;map_width&quot;:&quot;50&quot;,&quot;map_height&quot;:&quot;550&quot;,&quot;map_start_lat&quot;:&quot;47.687407&quot;,&quot;map_start_lng&quot;:&quot;16.184429&quot;,&quot;map_start_location&quot;:&quot;47.687407,16.184429000000023&quot;,&quot;map_start_zoom&quot;:&quot;8&quot;,&quot;default_marker&quot;:&quot;0&quot;,&quot;type&quot;:&quot;1&quot;,&quot;alignment&quot;:&quot;3&quot;,&quot;directions_enabled&quot;:&quot;1&quot;,&quot;styling_enabled&quot;:&quot;0&quot;,&quot;styling_json&quot;:&quot;&quot;,&quot;active&quot;:&quot;0&quot;,&quot;kml&quot;:&quot;&quot;,&quot;bicycle&quot;:&quot;2&quot;,&quot;traffic&quot;:&quot;2&quot;,&quot;dbox&quot;:&quot;1&quot;,&quot;dbox_width&quot;:&quot;100&quot;,&quot;listmarkers&quot;:&quot;0&quot;,&quot;listmarkers_advanced&quot;:&quot;0&quot;,&quot;filterbycat&quot;:&quot;0&quot;,&quot;ugm_enabled&quot;:&quot;0&quot;,&quot;ugm_category_enabled&quot;:&quot;0&quot;,&quot;fusion&quot;:&quot;&quot;,&quot;map_width_type&quot;:&quot;%&quot;,&quot;map_height_type&quot;:&quot;px&quot;,&quot;mass_marker_support&quot;:&quot;1&quot;,&quot;ugm_access&quot;:&quot;0&quot;,&quot;order_markers_by&quot;:&quot;1&quot;,&quot;order_markers_choice&quot;:&quot;2&quot;,&quot;show_user_location&quot;:&quot;0&quot;,&quot;default_to&quot;:&quot;&quot;,&quot;other_settings&quot;:{&quot;store_locator_enabled&quot;:2,&quot;store_locator_distance&quot;:2,&quot;store_locator_default_radius&quot;:&quot;10&quot;,&quot;store_locator_not_found_message&quot;:&quot;No results found in this location. Please try again.&quot;,&quot;store_locator_bounce&quot;:1,&quot;store_locator_query_string&quot;:&quot;PLZ \\\/ Adresse:&quot;,&quot;store_locator_default_address&quot;:&quot;&quot;,&quot;wpgmza_store_locator_restrict&quot;:&quot;&quot;,&quot;store_locator_style&quot;:&quot;modern&quot;,&quot;wpgmza_store_locator_radius_style&quot;:&quot;modern&quot;,&quot;map_max_zoom&quot;:&quot;1&quot;,&quot;transport_layer&quot;:2,&quot;wpgmza_theme_data&quot;:&quot;&quot;,&quot;wpgmza_show_points_of_interest&quot;:1}}' style=\"display:block; overflow:auto; width:50%; height:550px; float:right;\">\r\n            \r\n            <\/div>\r\n        <\/h3>\n<p style=\"text-align: center;\"><span style=\"text-decoration: underline;\">B\u00fcro Wien:<\/span><br \/>\nLange Gasse 16\/20<br \/>\n1080 Wien<\/p>\n<p style=\"text-align: center;\">+43 \/ 33 82\/ 52 080<br \/>\n<a href=\"mailto:office@planung.at\">office@planung.at<\/a><br \/>\n<a href=\"http:\/\/www.planung.at\">www.planung.at<\/a><\/p>\n<p style=\"text-align: center;\"><span style=\"text-decoration: underline;\">B\u00fcro F\u00fcrstenfeld:<\/span><br \/>\nKlostergasse 28<br \/>\n8280 F\u00fcrstenfeld<\/p>\n<p style=\"text-align: center;\">+43 \/ 33 82\/ 52 080<\/p>\n<p style=\"text-align: center;\"><a href=\"mailto:office@planung.at\">office@planung.at<\/a><br \/>\n<a href=\"http:\/\/www.planung.at\">www.planung.at<\/a><\/p>\n<p style=\"text-align: center;\">\u00a0<form method=\"post\" id=\"cntctfrm_contact_form\" action=\"https:\/\/www.planung.at:443\/ws1\/wp-json\/wp\/v2\/pages\/15\" enctype=\"multipart\/form-data\"><div style=\"text-align: left; padding-top: 5px;\">\n\t\t\t\t\t<label for=\"cntctfrm_contact_name\">Name:<span class=\"required\"> *<\/span><\/label>\n\t\t\t\t<\/div><div style=\"text-align: left;\">\n\t\t\t\t\t<input class=\"text\" type=\"text\" size=\"40\" value=\"\" name=\"cntctfrm_contact_name\" id=\"cntctfrm_contact_name\" style=\"text-align: left; margin: 0;\" \/>\n\t\t\t\t<\/div><div style=\"text-align: left;\">\n\t\t\t\t\t\t<label for=\"cntctfrm_contact_address\">Adresse:<\/label>\n\t\t\t\t\t<\/div><div style=\"text-align: left;\">\n\t\t\t\t\t\t<input class=\"text\" type=\"text\" size=\"40\" value=\"\" name=\"cntctfrm_contact_address\" id=\"cntctfrm_contact_address\" style=\"text-align: left; margin: 0;\" \/>\n\t\t\t\t\t<\/div>\n\t\t\t\t\t<div style=\"text-align: left;\">\n\t\t\t\t\t<label for=\"cntctfrm_contact_email\">E-Mail Adresse:<span class=\"required\"> *<\/span><\/label>\n\t\t\t\t<\/div><div style=\"text-align: left;\">\n\t\t\t\t\t<input class=\"text\" type=\"text\" size=\"40\" value=\"\" name=\"cntctfrm_contact_email\" id=\"cntctfrm_contact_email\" style=\"text-align: left; margin: 0;\" \/>\n\t\t\t\t<\/div>\n\t\t\t<div style=\"text-align: left;\">\n\t\t\t\t\t\t<label for=\"cntctfrm_contact_phone\">Telefonnummer:<span class=\"required\"> *<\/span><\/label>\n\t\t\t\t\t<\/div><div style=\"text-align: left;\">\n\t\t\t\t\t\t<input class=\"text\" type=\"text\" size=\"40\" value=\"\" name=\"cntctfrm_contact_phone\" id=\"cntctfrm_contact_phone\" style=\"text-align: left; margin: 0;\" \/>\n\t\t\t\t\t<\/div>\n\t\t\t\t\t<div style=\"text-align: left;\">\n\t\t\t\t\t<label for=\"cntctfrm_contact_subject\">Betreff:<span class=\"required\"> *<\/span><\/label>\n\t\t\t\t<\/div><div style=\"text-align: left;\">\n\t\t\t\t\t<input class=\"text\" type=\"text\" size=\"40\" value=\"\" name=\"cntctfrm_contact_subject\" id=\"cntctfrm_contact_subject\" style=\"text-align: left; margin: 0;\" \/>\n\t\t\t\t<\/div>\n\n\t\t\t\t<div style=\"text-align: left;\">\n\t\t\t\t\t<label for=\"cntctfrm_contact_message\">Nachricht:<span class=\"required\"> *<\/span><\/label>\n\t\t\t\t<\/div><div style=\"text-align: left;\">\n\t\t\t\t\t<textarea rows=\"5\" cols=\"30\" name=\"cntctfrm_contact_message\" id=\"cntctfrm_contact_message\"><\/textarea>\n\t\t\t\t<\/div><div style=\"text-align: left; padding-top: 8px;\">\n\t\t\t\t\t<input type=\"hidden\" value=\"send\" name=\"cntctfrm_contact_action\"><input type=\"hidden\" value=\"Version: 3.30\" \/>\n\t\t\t\t\t<input type=\"hidden\" value=\"en\" name=\"cntctfrm_language\">\n\t\t\t\t\t<input type=\"submit\" value=\"senden\" style=\"cursor: pointer; margin: 0pt; text-align: center;margin-bottom:10px;\" \/> \n\t\t\t\t<\/div>\n\t\t\t\t<\/form><\/p>\n<p style=\"text-align: left;\">\n","protected":false},"excerpt":{"rendered":"<p>Schwarz Bauprojekt Gesellschaft m.b.H.\u00a0\u00a0 B\u00fcro Wien: Lange Gasse 16\/20 1080 Wien +43 \/ 33 82\/ 52 080 office@planung.at www.planung.at B\u00fcro F\u00fcrstenfeld: Klostergasse 28 8280 F\u00fcrstenfeld +43 \/ 33 82\/ 52 080 office@planung.at www.planung.at \u00a0<\/p>\n","protected":false},"author":1,"featured_media":0,"parent":0,"menu_order":6,"comment_status":"open","ping_status":"open","template":"full-width-page-Header.php","meta":[],"_links":{"self":[{"href":"https:\/\/www.planung.at\/ws1\/wp-json\/wp\/v2\/pages\/15"}],"collection":[{"href":"https:\/\/www.planung.at\/ws1\/wp-json\/wp\/v2\/pages"}],"about":[{"href":"https:\/\/www.planung.at\/ws1\/wp-json\/wp\/v2\/types\/page"}],"author":[{"embeddable":true,"href":"https:\/\/www.planung.at\/ws1\/wp-json\/wp\/v2\/users\/1"}],"replies":[{"embeddable":true,"href":"https:\/\/www.planung.at\/ws1\/wp-json\/wp\/v2\/comments?post=15"}],"version-history":[{"count":60,"href":"https:\/\/www.planung.at\/ws1\/wp-json\/wp\/v2\/pages\/15\/revisions"}],"predecessor-version":[{"id":1221,"href":"https:\/\/www.planung.at\/ws1\/wp-json\/wp\/v2\/pages\/15\/revisions\/1221"}],"wp:attachment":[{"href":"https:\/\/www.planung.at\/ws1\/wp-json\/wp\/v2\/media?parent=15"}],"curies":[{"name":"wp","href":"https:\/\/api.w.org\/{rel}","templated":true}]}}