{"id":12,"date":"2013-08-06T15:01:09","date_gmt":"2013-08-06T13:01:09","guid":{"rendered":"http:\/\/www.generalplanung-schwarz.at\/ws1\/?page_id=12"},"modified":"2025-11-08T15:12:07","modified_gmt":"2025-11-08T13:12:07","slug":"home","status":"publish","type":"page","link":"https:\/\/www.planung.at\/ws1\/","title":{"rendered":"Home"},"content":{"rendered":"<p style=\"text-align: left;\"><!-- meta slider -->\n<div style=\"max-width: 920px;\" class=\"metaslider metaslider-responsive metaslider-133 ml-slider\">\n    \n    <div id=\"metaslider_container_133\">\n        <ul id='metaslider_133' class='rslides'>\n            <li><a href=\"http:\/\/www.planung.at\/ws1\/green-city-graz\/\" target=\"_self\"><img src=\"https:\/\/www.planung.at\/ws1\/wp-content\/uploads\/2016\/11\/Schwarz-Bauprojekt-GmbH-Green-City-Graz-920x290.jpg\" height=\"290\" width=\"920\" alt=\"\" class=\"slider-133 slide-871\" \/><div class=\"caption-wrap\"><div class=\"caption\">Green City Graz<\/div><\/div><\/a><\/li>\n            <li style='display: none;'><a href=\" http:\/\/www.planung.at\/ws1\/hotel-lagler-kukmirn\/\" target=\"_self\"><img src=\"https:\/\/www.planung.at\/ws1\/wp-content\/uploads\/2016\/11\/Hotel-Lagler-Kukmirn-Schwarz-Bau-920x290.jpg\" height=\"290\" width=\"920\" alt=\"\" class=\"slider-133 slide-1001\" \/><div class=\"caption-wrap\"><div class=\"caption\">Hotel Lagler Kukmirn<\/div><\/div><\/a><\/li>\n            <li style='display: none;'><a href=\"http:\/\/www.planung.at\/ws1\/wohn-und-geschaeftscenter-saillerhof-leibnitz\" target=\"_self\"><img src=\"https:\/\/www.planung.at\/ws1\/wp-content\/uploads\/2016\/12\/Saillerhof-Leibnitz-Hochbau-Schwarz-Bau-920x290.jpg\" height=\"290\" width=\"920\" alt=\"\" class=\"slider-133 slide-999\" \/><div class=\"caption-wrap\"><div class=\"caption\">Wohn- und Gesch\u00e4ftscenter Saillerhof Leibnitz<\/div><\/div><\/a><\/li>\n            <li style='display: none;'><a href=\"http:\/\/www.planung.at\/ws1\/buerogebaeude-hb-immobilien-fuerstenfeld\/\" target=\"_self\"><img src=\"https:\/\/www.planung.at\/ws1\/wp-content\/uploads\/2016\/03\/Schwarz-Bauprojekt-GmbH-B\u00fcrogeb\u00e4ude-HB-Immobilien-GmbH-920x290.jpg\" height=\"290\" width=\"920\" alt=\"\" class=\"slider-133 slide-826\" \/><div class=\"caption-wrap\"><div class=\"caption\">B\u00fcrogeb\u00e4ude HB Immobilien F\u00fcrstenfeld<\/div><\/div><\/a><\/li>\n            <li style='display: none;'><a href=\"http:\/\/www.planung.at\/ws1\/?p=358\" target=\"_self\"><img src=\"https:\/\/www.planung.at\/ws1\/wp-content\/uploads\/2014\/06\/Schwarz-Bauprojekt-GmbH-Bergschloss-Dr.-Friedl-920x290.jpg\" height=\"290\" width=\"920\" alt=\"\" class=\"slider-133 slide-894\" \/><div class=\"caption-wrap\"><div class=\"caption\">Bergschloss Dr. Friedl<\/div><\/div><\/a><\/li>\n            <li style='display: none;'><a href=\"http:\/\/www.planung.at\/ws1\/?p=396\" target=\"_self\"><img src=\"https:\/\/www.planung.at\/ws1\/wp-content\/uploads\/2014\/07\/IMAG1125-920x290.jpg\" height=\"290\" width=\"920\" alt=\"\" class=\"slider-133 slide-397\" \/><div class=\"caption-wrap\"><div class=\"caption\">Firmenzentrale Bernhard GmbH Gleisdorf<\/div><\/div><\/a><\/li>\n            <li style='display: none;'><a href=\"http:\/\/www.planung.at\/ws1\/?p=616\" target=\"_self\"><img src=\"https:\/\/www.planung.at\/ws1\/wp-content\/uploads\/2015\/02\/Schwarz-Generalplanung-Shoppinig-City-SCS-V\u00f6sendorf-920x290.jpg\" height=\"290\" width=\"920\" alt=\"\" class=\"slider-133 slide-773\" \/><div class=\"caption-wrap\"><div class=\"caption\">Shopping City V\u00f6sendorf<\/div><\/div><\/a><\/li>\n            <li style='display: none;'><a href=\"http:\/\/www.planung.at\/ws1\/705\/\" target=\"_self\"><img src=\"https:\/\/www.planung.at\/ws1\/wp-content\/uploads\/2015\/06\/Schwarz-Bauprojekt-GmbH-Junges-Wohnen-St.-P\u00f6lten-920x290.jpg\" height=\"290\" width=\"920\" alt=\"\" class=\"slider-133 slide-981\" \/><div class=\"caption-wrap\"><div class=\"caption\">Wohnanlage Junges Wohnen St. P\u00f6lten<\/div><\/div><\/a><\/li>\n            <li style='display: none;'><a href=\"https:\/\/www.planung.at\/ws1\/saege-und-hobelwerk-ferstl\/\" target=\"_self\"><img src=\"https:\/\/www.planung.at\/ws1\/wp-content\/uploads\/2014\/12\/Schwarz-Generalplanung-Erweiterung-Betriebsanlage-Ferstl-Holz-GmbH-920x290.jpg\" height=\"290\" width=\"920\" alt=\"\" class=\"slider-133 slide-742\" \/><div class=\"caption-wrap\"><div class=\"caption\">Betriebsanlage Ferstl Holz GmbH<\/div><\/div><\/a><\/li>\n            <li style='display: none;'><a href=\"http:\/\/www.planung.at\/ws1\/welog-truck-trailer-autobahn-ilz\/\" target=\"_self\"><img src=\"https:\/\/www.planung.at\/ws1\/wp-content\/uploads\/2016\/11\/Schwarz-Bauprojekt-GmbH-Welog-Ilz-920x290.jpg\" height=\"290\" width=\"920\" alt=\"\" class=\"slider-133 slide-883\" \/><div class=\"caption-wrap\"><div class=\"caption\">Welog Truck & Trailer Autobahn Ilz<\/div><\/div><\/a><\/li>\n        <\/ul>\n        \n    <\/div>\n    <script type=\"text\/javascript\">\n        var metaslider_133 = function($) {\n            $('#metaslider_133').responsiveSlides({ \n                timeout:3000,\n                pager:false,\n                nav:true,\n                pause:true,\n                speed:600,\n                prevText:\"&lt;\",\n                nextText:\"&gt;\",\n                auto:true\n            });\n        };\n        var timer_metaslider_133 = function() {\n            var slider = !window.jQuery ? window.setTimeout(timer_metaslider_133, 100) : !jQuery.isReady ? window.setTimeout(timer_metaslider_133, 1) : metaslider_133(window.jQuery);\n        };\n        timer_metaslider_133();\n    <\/script>\n<\/div>\n<!--\/\/ meta slider--><\/p>\n<p style=\"text-align: left;\">Herzlich Willkommen auf unserer Homepage!<\/p>\n<p>Unsere Kompetenzen f\u00fcr Gewerbe- und Privatkunden erstrecken sich \u00fcber folgende Bereiche:<\/p>\n<ul>\n<li><a title=\"Hoch- und Tiefbau Planungen\" href=\"http:\/\/www.planung.at\/ws1\/kompetenzen\/hoch-und-tiefbau-3d-planungen\/\">Hoch- und Tiefbau Planungen<\/a><\/li>\n<li><a title=\"Statik &amp; Tragwerksplanung\" href=\"http:\/\/www.planung.at\/ws1\/kompetenzen\/tragwerksplanungen\/\">Statik &amp; Tragwerksplanungen<\/a><\/li>\n<li><a title=\"Bauphysik+Energieausweis\" href=\"http:\/\/www.planung.at\/ws1\/kompetenzen\/bauphysik\/\">Bauphysik+Energieausweise<\/a> f\u00fcr alle Bundesl\u00e4nder und alle F\u00f6rderungsstellen<\/li>\n<li><a title=\"Ausschreibungen und Vergabe\" href=\"http:\/\/www.planung.at\/ws1\/kompetenzen\/ausschreibungen-fix-fertig-erstellen-inkl-preisverhandlungen\/\">Ausschreibungen\u00a0und Vergabe<\/a><\/li>\n<li><a title=\"BauKG &amp; SiGe-Planung\" href=\"http:\/\/www.planung.at\/ws1\/kompetenzen\/baukg-sicherheitsfachkraft\/\">BauKG &amp; SiGe-Planung<\/a><\/li>\n<li><a href=\"http:\/\/www.planung.at\/ws1\/kompetenzen\/gutachten\/\">Gutachten<\/a><\/li>\n<li><a href=\"https:\/\/www.planung.at\/ws1\/betriebsanlagengenehmigungen-fuer-alle-gewerbearten\/\">Betriebsanlagengenehmigungen<\/a>\u00a0f\u00fcr alle Gewerbearten<\/li>\n<li><a href=\"https:\/\/www.planung.at\/ws1\/bauaufsicht-sowie-alle-andere-baumanagementtaetigkeiten\/\">Bauaufsicht<\/a><\/li>\n<li><a href=\"http:\/\/www.planung.at\/ws1\/partner\/brandschutzkonzepte\/\">Brandschutzkonzepte<\/a><\/li>\n<li><a title=\"Beweissicherung\" href=\"http:\/\/www.planung.at\/ws1\/kompetenzen\/beweissicherung\/\">Beweissicherung<\/a><\/li>\n<li><a href=\"https:\/\/www.planung.at\/ws1\/abrechnungen\/\">Abrechnungen<\/a><\/li>\n<li><a title=\"Bauprojektentwicklung\" href=\"http:\/\/www.planung.at\/ws1\/kompetenzen\/bauprojektentwicklung\/\">Bauprojektentwicklung<\/a><\/li>\n<li><a title=\"Bauprojektleitung und Bauprojektmanagement\" href=\"http:\/\/www.planung.at\/ws1\/kompetenzen\/bauprojektleitung-und-bauprojektmanagement\/\">Bauprojektleitung und Bauprojektmanagement<\/a><\/li>\n<\/ul>\n<p>Als \u00fcberregional t\u00e4tiges Unternehmen sind wir in Wien, Nieder\u00f6sterreich, Steiermark und dem Burgenland t\u00e4tig.<\/p>\n<p>Die schnelle Abwicklung, leistbare Preise und vollste Einsatzbereitschaft ohne Qualit\u00e4tseinbu\u00dfen werden von unseren Kunden sehr gesch\u00e4tzt.<\/p>\n<p>Informieren Sie sich auf unserer Homepage \u00fcber unsere Leistungen, Arbeitsweise und erfolgreich abgewickelte Projekte. Gerne stehen wir Ihnen f\u00fcr ein kostenloses, pers\u00f6nliches Erstgespr\u00e4ch zu Ihrem Bauvorhaben zur Verf\u00fcgung.<\/p>\n<p><a href=\"https:\/\/www.planung.at\/ws1\/ueber-uns\/\" rel=\"noopener\"><img loading=\"lazy\" class=\"aligncenter\" style=\"width: 133px; height: 57px;\" src=\"https:\/\/lgu.ankoe.at\/Images\/ankoe\/logo2.png\" alt=\"\" width=\"133\" height=\"57\" \/><\/a><\/p>\n","protected":false},"excerpt":{"rendered":"<p>Herzlich Willkommen auf unserer Homepage! Unsere Kompetenzen f\u00fcr Gewerbe- und Privatkunden erstrecken sich \u00fcber folgende Bereiche: Hoch- und Tiefbau Planungen Statik &amp; Tragwerksplanungen Bauphysik+Energieausweise f\u00fcr alle Bundesl\u00e4nder und alle F\u00f6rderungsstellen Ausschreibungen\u00a0und Vergabe BauKG &amp; SiGe-Planung Gutachten Betriebsanlagengenehmigungen\u00a0f\u00fcr alle Gewerbearten Bauaufsicht<span class=\"ellipsis\">&hellip;<\/span><\/p>\n<div class=\"read-more\"><a href=\"https:\/\/www.planung.at\/ws1\/\">Weiterlesen \u203a<\/a><\/div>\n<p><!-- end of .read-more --><\/p>\n","protected":false},"author":1,"featured_media":0,"parent":0,"menu_order":1,"comment_status":"open","ping_status":"open","template":"full-width-page_home.php","meta":[],"_links":{"self":[{"href":"https:\/\/www.planung.at\/ws1\/wp-json\/wp\/v2\/pages\/12"}],"collection":[{"href":"https:\/\/www.planung.at\/ws1\/wp-json\/wp\/v2\/pages"}],"about":[{"href":"https:\/\/www.planung.at\/ws1\/wp-json\/wp\/v2\/types\/page"}],"author":[{"embeddable":true,"href":"https:\/\/www.planung.at\/ws1\/wp-json\/wp\/v2\/users\/1"}],"replies":[{"embeddable":true,"href":"https:\/\/www.planung.at\/ws1\/wp-json\/wp\/v2\/comments?post=12"}],"version-history":[{"count":44,"href":"https:\/\/www.planung.at\/ws1\/wp-json\/wp\/v2\/pages\/12\/revisions"}],"predecessor-version":[{"id":1239,"href":"https:\/\/www.planung.at\/ws1\/wp-json\/wp\/v2\/pages\/12\/revisions\/1239"}],"wp:attachment":[{"href":"https:\/\/www.planung.at\/ws1\/wp-json\/wp\/v2\/media?parent=12"}],"curies":[{"name":"wp","href":"https:\/\/api.w.org\/{rel}","templated":true}]}}